{"id":1175,"date":"2019-09-28T20:34:28","date_gmt":"2019-09-28T18:34:28","guid":{"rendered":"https:\/\/2019.dusseldorf.wordcamp.org\/?page_id=1175"},"modified":"2019-10-04T20:34:49","modified_gmt":"2019-10-04T18:34:49","slug":"fuer-deine-website","status":"publish","type":"page","link":"https:\/\/dusseldorf.wordcamp.org\/2019\/start\/fuer-deine-website\/","title":{"rendered":"F\u00fcr deine Website"},"content":{"rendered":"\n<p>Sage der Welt dort drau\u00dfen, dass du dich freust, beim ersten D\u00fcsseldorfer WordCamp dabei zu sein! Gerne darfst du die folgenden Banner f\u00fcr deine Webseite \/ E-Mails\/ Twitter \/ Facebook und Co. benutzen.<\/p>\n\n\n\n<p><strong>\u00d6ffne den Banner einfach in einem neuen Tab und speichere das Bild lokal ab.<\/strong><br>Wir freuen uns \u00fcber deine Verlinkung. Danke! Bitte nicht(!!!) hotlinken, sondern herunterladen und selbst hosten! <\/p>\n\n\n\n<p>For banners in English please see the <a href=\"https:\/\/2019.dusseldorf.wordcamp.org\/english\/\">Information in English<\/a>.<\/p>\n\n\n\n<div class=\"wp-block-columns has-3-columns is-layout-flex wp-container-core-columns-is-layout-9d6595d7 wp-block-columns-is-layout-flex\">\n<div class=\"wp-block-column is-layout-flow wp-block-column-is-layout-flow\">\n<figure class=\"wp-block-image\"><a href=\"https:\/\/2019.dusseldorf.wordcamp.org\/files\/2019\/09\/wcdus-attendee-300x300.png\"><img loading=\"lazy\" decoding=\"async\" width=\"300\" height=\"300\" src=\"https:\/\/2019.dusseldorf.wordcamp.org\/files\/2019\/10\/wcdus-teilnehmer.png\" alt=\"\" class=\"wp-image-1500\" srcset=\"https:\/\/dusseldorf.wordcamp.org\/2019\/files\/2019\/10\/wcdus-teilnehmer.png 300w, https:\/\/dusseldorf.wordcamp.org\/2019\/files\/2019\/10\/wcdus-teilnehmer-150x150.png 150w, https:\/\/dusseldorf.wordcamp.org\/2019\/files\/2019\/10\/wcdus-teilnehmer-100x100.png 100w\" sizes=\"auto, (max-width: 300px) 100vw, 300px\" \/><\/a><\/figure>\n\n\n\n<figure class=\"wp-block-image\"><a href=\"https:\/\/2019.dusseldorf.wordcamp.org\/files\/2019\/09\/wcdus-communitysponsor-300x300.png\"><img loading=\"lazy\" decoding=\"async\" width=\"300\" height=\"300\" src=\"https:\/\/2019.dusseldorf.wordcamp.org\/files\/2019\/09\/wcdus-goldsponsor.png\" alt=\"\" class=\"wp-image-1391\" srcset=\"https:\/\/dusseldorf.wordcamp.org\/2019\/files\/2019\/09\/wcdus-goldsponsor.png 300w, https:\/\/dusseldorf.wordcamp.org\/2019\/files\/2019\/09\/wcdus-goldsponsor-150x150.png 150w, https:\/\/dusseldorf.wordcamp.org\/2019\/files\/2019\/09\/wcdus-goldsponsor-100x100.png 100w\" sizes=\"auto, (max-width: 300px) 100vw, 300px\" \/><\/a><\/figure>\n<\/div>\n\n\n\n<div class=\"wp-block-column is-layout-flow wp-block-column-is-layout-flow\">\n<figure class=\"wp-block-image\"><a href=\"https:\/\/2019.dusseldorf.wordcamp.org\/files\/2019\/09\/wcdus-volunteer-300x300.png\"><img loading=\"lazy\" decoding=\"async\" width=\"300\" height=\"300\" src=\"https:\/\/2019.dusseldorf.wordcamp.org\/files\/2019\/10\/wcdus-hilfe.png\" alt=\"\" class=\"wp-image-1499\" srcset=\"https:\/\/dusseldorf.wordcamp.org\/2019\/files\/2019\/10\/wcdus-hilfe.png 300w, https:\/\/dusseldorf.wordcamp.org\/2019\/files\/2019\/10\/wcdus-hilfe-150x150.png 150w, https:\/\/dusseldorf.wordcamp.org\/2019\/files\/2019\/10\/wcdus-hilfe-100x100.png 100w\" sizes=\"auto, (max-width: 300px) 100vw, 300px\" \/><\/a><\/figure>\n\n\n\n<figure class=\"wp-block-image\"><a href=\"https:\/\/2019.dusseldorf.wordcamp.org\/files\/2019\/09\/wcdus-sponsor-300x300.png\"><img loading=\"lazy\" decoding=\"async\" width=\"300\" height=\"300\" src=\"https:\/\/2019.dusseldorf.wordcamp.org\/files\/2019\/09\/wcdus-silbersponsor.png\" alt=\"\" class=\"wp-image-1393\" srcset=\"https:\/\/dusseldorf.wordcamp.org\/2019\/files\/2019\/09\/wcdus-silbersponsor.png 300w, https:\/\/dusseldorf.wordcamp.org\/2019\/files\/2019\/09\/wcdus-silbersponsor-150x150.png 150w, https:\/\/dusseldorf.wordcamp.org\/2019\/files\/2019\/09\/wcdus-silbersponsor-100x100.png 100w\" sizes=\"auto, (max-width: 300px) 100vw, 300px\" \/><\/a><\/figure>\n<\/div>\n\n\n\n<div class=\"wp-block-column is-layout-flow wp-block-column-is-layout-flow\">\n<figure class=\"wp-block-image\"><img loading=\"lazy\" decoding=\"async\" width=\"300\" height=\"300\" src=\"https:\/\/2019.dusseldorf.wordcamp.org\/files\/2019\/09\/wcdus-communitysponsor-300x300.png\" alt=\"\" class=\"wp-image-1185\" srcset=\"https:\/\/dusseldorf.wordcamp.org\/2019\/files\/2019\/09\/wcdus-communitysponsor-300x300.png 300w, https:\/\/dusseldorf.wordcamp.org\/2019\/files\/2019\/09\/wcdus-communitysponsor-300x300-150x150.png 150w, https:\/\/dusseldorf.wordcamp.org\/2019\/files\/2019\/09\/wcdus-communitysponsor-300x300-100x100.png 100w\" sizes=\"auto, (max-width: 300px) 100vw, 300px\" \/><\/figure>\n\n\n\n<figure class=\"wp-block-image\"><img loading=\"lazy\" decoding=\"async\" width=\"300\" height=\"300\" src=\"https:\/\/2019.dusseldorf.wordcamp.org\/files\/2019\/09\/wcdus-bronzesponsor.png\" alt=\"\" class=\"wp-image-1392\" srcset=\"https:\/\/dusseldorf.wordcamp.org\/2019\/files\/2019\/09\/wcdus-bronzesponsor.png 300w, https:\/\/dusseldorf.wordcamp.org\/2019\/files\/2019\/09\/wcdus-bronzesponsor-150x150.png 150w, https:\/\/dusseldorf.wordcamp.org\/2019\/files\/2019\/09\/wcdus-bronzesponsor-100x100.png 100w\" sizes=\"auto, (max-width: 300px) 100vw, 300px\" \/><\/figure>\n<\/div>\n<\/div>\n","protected":false},"excerpt":{"rendered":"<p>Sage der Welt dort drau\u00dfen, dass du dich freust, beim ersten D\u00fcsseldorfer WordCamp dabei zu sein! Gerne darfst du die folgenden Banner f\u00fcr deine Webseite \/ E-Mails\/ Twitter \/ Facebook und Co. benutzen. \u00d6ffne den Banner einfach in einem neuen Tab und speichere das Bild lokal ab.Wir freuen uns \u00fcber deine Verlinkung. Danke! Bitte nicht(!!!) &hellip; <\/p>\n<p class=\"link-more\"><a href=\"https:\/\/dusseldorf.wordcamp.org\/2019\/start\/fuer-deine-website\/\" class=\"more-link\"><span class=\"screen-reader-text\">\u201eF\u00fcr deine Website\u201c<\/span> weiterlesen<\/a><\/p>\n","protected":false},"author":12860056,"featured_media":0,"parent":285,"menu_order":0,"comment_status":"closed","ping_status":"closed","template":"","meta":{"jetpack_post_was_ever_published":false,"footnotes":""},"class_list":["post-1175","page","type-page","status-publish","hentry"],"jetpack_sharing_enabled":true,"jetpack_shortlink":"https:\/\/wp.me\/PaQGws-iX","_links":{"self":[{"href":"https:\/\/dusseldorf.wordcamp.org\/2019\/wp-json\/wp\/v2\/pages\/1175","targetHints":{"allow":["GET"]}}],"collection":[{"href":"https:\/\/dusseldorf.wordcamp.org\/2019\/wp-json\/wp\/v2\/pages"}],"about":[{"href":"https:\/\/dusseldorf.wordcamp.org\/2019\/wp-json\/wp\/v2\/types\/page"}],"author":[{"embeddable":true,"href":"https:\/\/dusseldorf.wordcamp.org\/2019\/wp-json\/wp\/v2\/users\/12860056"}],"replies":[{"embeddable":true,"href":"https:\/\/dusseldorf.wordcamp.org\/2019\/wp-json\/wp\/v2\/comments?post=1175"}],"version-history":[{"count":6,"href":"https:\/\/dusseldorf.wordcamp.org\/2019\/wp-json\/wp\/v2\/pages\/1175\/revisions"}],"predecessor-version":[{"id":1501,"href":"https:\/\/dusseldorf.wordcamp.org\/2019\/wp-json\/wp\/v2\/pages\/1175\/revisions\/1501"}],"up":[{"embeddable":true,"href":"https:\/\/dusseldorf.wordcamp.org\/2019\/wp-json\/wp\/v2\/pages\/285"}],"wp:attachment":[{"href":"https:\/\/dusseldorf.wordcamp.org\/2019\/wp-json\/wp\/v2\/media?parent=1175"}],"curies":[{"name":"wp","href":"https:\/\/api.w.org\/{rel}","templated":true}]}}