{"id":12,"date":"2019-03-26T16:28:49","date_gmt":"2019-03-26T15:28:49","guid":{"rendered":"https:\/\/2019.dusseldorf.wordcamp.org\/organizers\/"},"modified":"2019-11-28T17:36:28","modified_gmt":"2019-11-28T16:36:28","slug":"organizers","status":"publish","type":"page","link":"https:\/\/dusseldorf.wordcamp.org\/2019\/organizers\/","title":{"rendered":"Orgateam"},"content":{"rendered":"\n<p>Wir sind eine bunt gemischte Gruppe von Leuten, die sich ein ebenso buntes und freundliches WordCamp zum Ziel gesetzt haben. Die meisten organisieren au\u00dferdem auch das lokale WordPress Meetup D\u00fcsseldorf. Wer wir sind und was wir sonst so machen, erfahrt ihr auf dieser Seite. <\/p>\n\n\n\n<p>Und nat\u00fcrlich ist das WordCamp nur denkbar, dank dem tatkr\u00e4ftigen Einsatz unserer fleissigen <a href=\"#contributors\">Contributors und Volunteers<\/a>.<\/p>\n\n\n\n<p><\/p>\n\n\n\n<figure class=\"wp-block-table wcdus-orga is-style-stripes\"><table class=\"\"><tbody><tr><td>\n<h2>Alex L\u00fcken<\/h2>\n<p><img loading=\"lazy\" decoding=\"async\" class=\"alignleft wp-image-2303\" src=\"https:\/\/2019.dusseldorf.wordcamp.org\/files\/2019\/11\/alex_lueken-150x150.jpg\" alt=\"\" width=\"200\" height=\"200\" srcset=\"https:\/\/dusseldorf.wordcamp.org\/2019\/files\/2019\/11\/alex_lueken-150x150.jpg 150w, https:\/\/dusseldorf.wordcamp.org\/2019\/files\/2019\/11\/alex_lueken-300x300.jpg 300w, https:\/\/dusseldorf.wordcamp.org\/2019\/files\/2019\/11\/alex_lueken-768x768.jpg 768w, https:\/\/dusseldorf.wordcamp.org\/2019\/files\/2019\/11\/alex_lueken-100x100.jpg 100w, https:\/\/dusseldorf.wordcamp.org\/2019\/files\/2019\/11\/alex_lueken.jpg 1024w\" sizes=\"auto, (max-width: 200px) 100vw, 200px\" \/><span class=\"wcdus-orga-short\">#entwickler<\/span> <span class=\"wcdus-orga-short\">#neugierig<\/span> <span class=\"wcdus-orga-short\">#webtechnologien<\/span><\/p>\n<p>Alex ist eigentlich Chemiker, hat aber ein besonderes Faible f\u00fcr Webtechnologien. Viele seiner Projekte drehen sich dabei um WordPress, wobei er sich besonders f\u00fcr die Gebiete Themes und Plugins interessiert.<\/p>\n<\/td><\/tr><tr><td>\n<h2>Alex Reach<\/h2>\n<p><img loading=\"lazy\" decoding=\"async\" class=\"alignleft wp-image-2405\" src=\"https:\/\/2019.dusseldorf.wordcamp.org\/files\/2019\/11\/alex_reach-150x150.jpg\" alt=\"\" width=\"200\" height=\"200\" srcset=\"https:\/\/dusseldorf.wordcamp.org\/2019\/files\/2019\/11\/alex_reach-150x150.jpg 150w, https:\/\/dusseldorf.wordcamp.org\/2019\/files\/2019\/11\/alex_reach-300x300.jpg 300w, https:\/\/dusseldorf.wordcamp.org\/2019\/files\/2019\/11\/alex_reach-768x768.jpg 768w, https:\/\/dusseldorf.wordcamp.org\/2019\/files\/2019\/11\/alex_reach-100x100.jpg 100w, https:\/\/dusseldorf.wordcamp.org\/2019\/files\/2019\/11\/alex_reach.jpg 1024w\" sizes=\"auto, (max-width: 200px) 100vw, 200px\" \/><span class=\"wcdus-orga-short\">#Webdev<\/span> <span class=\"wcdus-orga-short\">#Neugierig<\/span> <span class=\"wcdus-orga-short\">#OffenF\u00fcrVieles<\/span><\/p>\n<p>Alex ist Informatiker und Mediengestalter und arbeitet als <a href=\"https:\/\/www.reach-online.de\/\" target=\"_blank\" rel=\"noopener noreferrer\">freiberuflicher Webentwickler<\/a>. Neben der Entwicklung von individuellen WordPress-Themes und Plugins besch\u00e4ftigt er sich aktuell mit seiner neuen gro\u00dfen Liebe VueJS.<\/p>\n<\/td><\/tr><tr><td>\n<h2>Armin Mohren<\/h2>\n<p><img loading=\"lazy\" decoding=\"async\" class=\"alignleft wp-image-1728\" src=\"https:\/\/2019.dusseldorf.wordcamp.org\/files\/2019\/10\/armin-150x150.jpg\" alt=\"\" width=\"200\" height=\"200\" srcset=\"https:\/\/dusseldorf.wordcamp.org\/2019\/files\/2019\/10\/armin-150x150.jpg 150w, https:\/\/dusseldorf.wordcamp.org\/2019\/files\/2019\/10\/armin-300x300.jpg 300w, https:\/\/dusseldorf.wordcamp.org\/2019\/files\/2019\/10\/armin-768x768.jpg 768w, https:\/\/dusseldorf.wordcamp.org\/2019\/files\/2019\/10\/armin-100x100.jpg 100w, https:\/\/dusseldorf.wordcamp.org\/2019\/files\/2019\/10\/armin.jpg 1024w\" sizes=\"auto, (max-width: 200px) 100vw, 200px\" \/><span class=\"wcdus-orga-short\">#WordPressAlsHobby<\/span> <span class=\"wcdus-orga-short\">#VereinsmeiereiZweiPunktNull<\/span> <span class=\"wcdus-orga-short\">#Rheinl\u00e4nderDurchUndDurch<\/span><\/p>\n<p>Gelernter Kaufmann &amp; Buchhalter, aber mit deutlichem IT-Bezug. Armin realisiert seit knapp 7 Jahren ehrenamtlich WordPress-Seiten f\u00fcr gemeinn\u00fctzige Vereine und Vereinigungen im Fullservice (incl. der laufenden Redaktionsarbeit) und er hat immer schon gern organisiert.<\/p>\n<\/td><\/tr><tr><td>\n<h2>Klaus Nordmann<\/h2>\n<p><img loading=\"lazy\" decoding=\"async\" class=\"alignleft wp-image-2378\" src=\"https:\/\/2019.dusseldorf.wordcamp.org\/files\/2019\/11\/klaus-150x150.jpg\" alt=\"\" width=\"200\" height=\"200\" srcset=\"https:\/\/dusseldorf.wordcamp.org\/2019\/files\/2019\/11\/klaus-150x150.jpg 150w, https:\/\/dusseldorf.wordcamp.org\/2019\/files\/2019\/11\/klaus-300x300.jpg 300w, https:\/\/dusseldorf.wordcamp.org\/2019\/files\/2019\/11\/klaus-768x768.jpg 768w, https:\/\/dusseldorf.wordcamp.org\/2019\/files\/2019\/11\/klaus-100x100.jpg 100w, https:\/\/dusseldorf.wordcamp.org\/2019\/files\/2019\/11\/klaus.jpg 1024w\" sizes=\"auto, (max-width: 200px) 100vw, 200px\" \/><span class=\"wcdus-orga-short\">#DIY<\/span> <span class=\"wcdus-orga-short\">#TravelAddict<\/span> <span class=\"wcdus-orga-short\">#KeineLustAufUnn\u00f6tigenStress<\/span><\/p>\n<p>Klaus stammt aus einem vergangenen Jahrhundert, wo er als Elektroniker und Programmierer st\u00e4ndig auf der Suche nach einfachen L\u00f6sungen f\u00fcr komplexe Herausforderungen war. WordPress ist nicht unbedingt sein Kerngesch\u00e4ft, aber die Community hat es ihm angetan. Seine Lebensweisheit: Es entwickelt sich alles vom absolut Primitiven \u00fcber das Hochkomplexe zum erstaunlich Einfachen.<\/p>\n<\/td><\/tr><tr><td><h2>Manja Neumann<\/h2><p><img loading=\"lazy\" decoding=\"async\" class=\"alignleft wp-image-2422\" src=\"https:\/\/2019.dusseldorf.wordcamp.org\/files\/2019\/11\/manja-150x150.jpg\" alt=\"\" width=\"200\" height=\"200\" srcset=\"https:\/\/dusseldorf.wordcamp.org\/2019\/files\/2019\/11\/manja-150x150.jpg 150w, https:\/\/dusseldorf.wordcamp.org\/2019\/files\/2019\/11\/manja-100x100.jpg 100w, https:\/\/dusseldorf.wordcamp.org\/2019\/files\/2019\/11\/manja.jpg 300w\" sizes=\"auto, (max-width: 200px) 100vw, 200px\" \/><span class=\"wcdus-orga-short\">#freigeist<\/span> <span class=\"wcdus-orga-short\">#webentwicklung<\/span> <span class=\"wcdus-orga-short\">#woocommerce<\/span><\/p><p>Von Blogs bis zu Onlineshops <a rel=\"noreferrer noopener\" aria-label=\"Manja erstellt und pflegt WordPress-Projekte (opens in a new tab)\" href=\"https:\/\/lechatinformatique.de\/\" target=\"_blank\">Manja erstellt und pflegt WordPress-Projekte<\/a>. Dabei bringt sie viel Background-Wissen u.a. aus Controlling, ihrem Ladengesch\u00e4ft, Japanologie, Social Media und eCommerce mit ein. Daneben setzt sie sich mit Herzblut f\u00fcr gutes Design, Farben, Typografie, Usability und Marken-Identit\u00e4t ein.<\/p><\/td><\/tr><tr><td><h2>Mario Wolf<\/h2> <p><img loading=\"lazy\" decoding=\"async\" class=\"alignleft wp-image-2423\" src=\"https:\/\/2019.dusseldorf.wordcamp.org\/files\/2019\/11\/mario-150x150.jpg\" alt=\"Mario Wolf\" width=\"200\" height=\"200\" srcset=\"https:\/\/dusseldorf.wordcamp.org\/2019\/files\/2019\/11\/mario-150x150.jpg 150w, https:\/\/dusseldorf.wordcamp.org\/2019\/files\/2019\/11\/mario-100x100.jpg 100w, https:\/\/dusseldorf.wordcamp.org\/2019\/files\/2019\/11\/mario.jpg 300w\" sizes=\"auto, (max-width: 200px) 100vw, 200px\" \/><span class=\"wcdus-orga-short\">#strategie<\/span> <span class=\"wcdus-orga-short\">#webdev<\/span> <span class=\"wcdus-orga-short\">#digital<\/span><\/p> <p>Mario ist Mitorganisator des WordPress Meetups D\u00fcsseldorf und als Teil der WordPress Community regelm\u00e4\u00dfig auf WordCamps anzutreffen. Mit seiner Agentur WolfMedien ber\u00e4t er vor allem Kunden, die auf der Suche nach ma\u00dfgeschneiderten L\u00f6sungen f\u00fcr ihre digitalen Produkte sind.<\/p><\/td><\/tr><tr><td>\n<h2>Monika Elsbroek<\/h2>\n<p><img loading=\"lazy\" decoding=\"async\" class=\"alignleft wp-image-2395\" src=\"https:\/\/2019.dusseldorf.wordcamp.org\/files\/2019\/11\/monika-150x150.jpg\" alt=\"Monika Elsbroek\" width=\"200\" height=\"200\" srcset=\"https:\/\/dusseldorf.wordcamp.org\/2019\/files\/2019\/11\/monika-150x150.jpg 150w, https:\/\/dusseldorf.wordcamp.org\/2019\/files\/2019\/11\/monika-300x300.jpg 300w, https:\/\/dusseldorf.wordcamp.org\/2019\/files\/2019\/11\/monika-768x768.jpg 768w, https:\/\/dusseldorf.wordcamp.org\/2019\/files\/2019\/11\/monika-100x100.jpg 100w, https:\/\/dusseldorf.wordcamp.org\/2019\/files\/2019\/11\/monika.jpg 1024w\" sizes=\"auto, (max-width: 200px) 100vw, 200px\" \/><span class=\"wcdus-orga-short\">#kreativesk\u00f6pfchen<\/span> <span class=\"wcdus-orga-short\">#designimblut<\/span> <span class=\"wcdus-orga-short\">#lustaufneues<\/span><\/p>\n<p>Mit WordPress kam Monika vor mehr als 10 Jahren in Kontakt. Als <a href=\"https:\/\/www.monikaelsbroek.de\/\" target=\"_blank\" rel=\"noreferrer noopener\" aria-label=\"selbstst\u00e4ndige Webdesignerin (opens in a new tab)\">selbstst\u00e4ndige Webdesignerin<\/a> realisiert sie unter anderem damit Projekte f\u00fcr ihre Kunden. Von der ersten Stunde an ist sie als Organisatorin aktiv beim WordPress Meetup D\u00fcsseldorf und sie liebt es sich in neue Projekte zu st\u00fcrzen.<\/p>\n<\/td><\/tr><tr><td><h2>Peter Sentner<\/h2> <p><img loading=\"lazy\" decoding=\"async\" class=\"alignleft wp-image-2427\" src=\"https:\/\/2019.dusseldorf.wordcamp.org\/files\/2019\/11\/peter-1-150x150.jpg\" alt=\"Peter Sentner\" width=\"200\" height=\"200\" srcset=\"https:\/\/dusseldorf.wordcamp.org\/2019\/files\/2019\/11\/peter-1-150x150.jpg 150w, https:\/\/dusseldorf.wordcamp.org\/2019\/files\/2019\/11\/peter-1-100x100.jpg 100w, https:\/\/dusseldorf.wordcamp.org\/2019\/files\/2019\/11\/peter-1.jpg 300w\" sizes=\"auto, (max-width: 200px) 100vw, 200px\" \/><span class=\"wcdus-orga-short\">#webentwicklung<\/span> <span class=\"wcdus-orga-short\">#onlinemarketing<\/span> <span class=\"wcdus-orga-short\">#technikaffin<\/span><\/p> <p>Jahrelange Erfahrungen als Entwickler und speziell im Umgang mit WordPress definieren Peters reichhaltiges Wissen. Er ist technischer Leiter bei der Online-Marketing-Agentur <a href=\"\/sponsor\/conversionmedia\/\">conversionmedia<\/a>. Peter ist au\u00dferdem tatkr\u00e4ftiges Orga-Mitglied des WordPress Meetup D\u00fcsseldorf.<\/p><\/td><\/tr><tr><td>\n<h2>Renate Hermanns<\/h2>\n<p><img loading=\"lazy\" decoding=\"async\" class=\"alignleft wp-image-2441\" src=\"https:\/\/2019.dusseldorf.wordcamp.org\/files\/2019\/11\/renate-150x150.jpg\" alt=\"Renate Hermanns\" width=\"200\" height=\"200\" srcset=\"https:\/\/dusseldorf.wordcamp.org\/2019\/files\/2019\/11\/renate-150x150.jpg 150w, https:\/\/dusseldorf.wordcamp.org\/2019\/files\/2019\/11\/renate-100x100.jpg 100w, https:\/\/dusseldorf.wordcamp.org\/2019\/files\/2019\/11\/renate.jpg 300w\" sizes=\"auto, (max-width: 200px) 100vw, 200px\" \/><span class=\"wcdus-orga-short\">#child-themes<\/span> <span class=\"wcdus-orga-short\">#css<\/span> <span class=\"wcdus-orga-short\">#netzwerk-junkie<\/span><\/p>\n<p>Erste Gehversuche mit WordPress machte Renate 2006 mit Version 2 (Duke). Inzwischen setzt sie <a href=\"https:\/\/www.css-manufaktur.de\" rel=\"noopener noreferrer\" target=\"_blank\">ihre Webprojekte<\/a> zu 90 Prozent mit WordPress um. F\u00fcr ihre Kunden realisiert sie individuelle Layouts, \u201e\u00fcbersetzt\u201c sie in CSS und erstellt daraus Child-Themes. Sie ist \u00fcberzeugte Netzwerkerin und freut sich, beim 1. WordCamp aktiv dabei zu sein.<\/p>\n<\/td><\/tr><tr><td> <h2>Simone Sarodnick<\/h2> <p><img loading=\"lazy\" decoding=\"async\" width=\"200\" height=\"200\" class=\"alignleft wp-image-1725\" src=\"https:\/\/2019.dusseldorf.wordcamp.org\/files\/2019\/10\/simone-150x150.jpg\" alt=\"\" srcset=\"https:\/\/dusseldorf.wordcamp.org\/2019\/files\/2019\/10\/simone-150x150.jpg 150w, https:\/\/dusseldorf.wordcamp.org\/2019\/files\/2019\/10\/simone-300x300.jpg 300w, https:\/\/dusseldorf.wordcamp.org\/2019\/files\/2019\/10\/simone-768x768.jpg 768w, https:\/\/dusseldorf.wordcamp.org\/2019\/files\/2019\/10\/simone-100x100.jpg 100w, https:\/\/dusseldorf.wordcamp.org\/2019\/files\/2019\/10\/simone.jpg 1024w\" sizes=\"auto, (max-width: 200px) 100vw, 200px\" \/><span class=\"wcdus-orga-short\">#strukturiert<\/span> <span class=\"wcdus-orga-short\">#pragmatisch<\/span> <span class=\"wcdus-orga-short\">#kommunikativ<\/span><\/p> <p>Als SEO Expertin sorgt Simone daf\u00fcr, dass Webseiten bei Google vorn ranken und gefunden werden. Sie hat eine eigene <a rel=\"noreferrer noopener\" href=\"https:\/\/alsa-x.de\/\" target=\"_blank\">SEO Agentur in D\u00fcsseldorf<\/a> und arbeitet mit KMU und EinzelunternehmerInnen. Ihre Kunden verwenden vorrangig WordPress, weshalb ihr die Arbeit mit diesem CMS und die gesamte Community besonders am Herzen liegt.<\/p> <\/td><\/tr><tr><td> <h2>Thomas Br\u00fchl<\/h2> <p><img loading=\"lazy\" decoding=\"async\" class=\"alignleft wp-image-2305\" src=\"https:\/\/2019.dusseldorf.wordcamp.org\/files\/2019\/11\/thomas-150x150.jpeg\" alt=\"\" width=\"200\" height=\"200\" srcset=\"https:\/\/dusseldorf.wordcamp.org\/2019\/files\/2019\/11\/thomas-150x150.jpeg 150w, https:\/\/dusseldorf.wordcamp.org\/2019\/files\/2019\/11\/thomas-300x300.jpeg 300w, https:\/\/dusseldorf.wordcamp.org\/2019\/files\/2019\/11\/thomas-100x100.jpeg 100w, https:\/\/dusseldorf.wordcamp.org\/2019\/files\/2019\/11\/thomas.jpeg 640w\" sizes=\"auto, (max-width: 200px) 100vw, 200px\" \/><span class=\"wcdus-orga-short\">#LieberK\u00f6lschStattKaviar<\/span> <span class=\"wcdus-orga-short\">#ImmerGuteLaune<\/span> <span class=\"wcdus-orga-short\">#InDerRuheLiegtDieKraft<\/span><\/p> <p>Thomas ist hauptberuflich bei einem Versicherungskonzern als Information Security Officer (ISO) t\u00e4tig. Nebenbei k\u00fcmmert er sich um eine steigende Anzahl WordPress Installationen. Mit WordPress angefangen hat er 2004 mit seinem Blog <a href=\"https:\/\/her.ein.de\/\">her.ein.de<\/a> und der WordPress Version 1.2 (Mingus). Er ist einer der Organisatoren des <a href=\"https:\/\/wpcgn.de\/\">WordPress Meetup K\u00f6ln<\/a> und einer der <a href=\"https:\/\/make.wordpress.org\/community\/\">WordCamp Central Deputies f\u00fcr Europa<\/a>.<\/p> <\/td><\/tr><\/tbody><\/table><\/figure>\n\n\n\n<h2 class=\"wp-block-heading\" id=\"contributors\">&nbsp;Contributors und Volunteers<\/h2>\n\n\n\n<p>Mit Hilfe dieser tollen Menschen k\u00f6nnen wir das WordCamp f\u00fcr uns alle realisieren. Dankesch\u00f6n! (Liste nicht vollst\u00e4ndig.)<\/p>\n\n\n\t\t<div id=\"tix-attendees\">\n\t\t\t<ul class=\"tix-attendee-list tix-columns-3\">\n\t\t\t\t<li><img alt='' src='https:\/\/secure.gravatar.com\/avatar\/9318942d2a4a28dc8807d1e55bc0af3315ab6d412280f332c189c2d7c1382452?s=96&#038;d=mm&#038;r=g' srcset='https:\/\/secure.gravatar.com\/avatar\/9318942d2a4a28dc8807d1e55bc0af3315ab6d412280f332c189c2d7c1382452?s=192&#038;d=mm&#038;r=g 2x' class='avatar avatar-96 photo' height='96' width='96' \/>\n\t\t\t\t\t\t<div class=\"tix-field tix-attendee-name\">\n\t\t\t\t\t\t\t<span class=\"tix-first\">Alexander<\/span> <span class=\"tix-last\">Grosser<\/span>\t\t\t\t\t\t<\/div>\n\n\t\t\t\t\t\t\n\t\t\t\t\t\t<a class=\"tix-field tix-attendee-url tix-website-url\" href=\"http:\/\/www.grosser.wine\">grosser.wine<\/a><\/li><li><img alt='' src='https:\/\/secure.gravatar.com\/avatar\/6501cd8a194c100c2a1ed7ebab65c0a5e3e20d2f2a9ab6f4d4675cfc38a3a161?s=96&#038;d=mm&#038;r=g' srcset='https:\/\/secure.gravatar.com\/avatar\/6501cd8a194c100c2a1ed7ebab65c0a5e3e20d2f2a9ab6f4d4675cfc38a3a161?s=192&#038;d=mm&#038;r=g 2x' class='avatar avatar-96 photo' height='96' width='96' \/>\n\t\t\t\t\t\t<div class=\"tix-field tix-attendee-name\">\n\t\t\t\t\t\t\t<span class=\"tix-first\">Bettina<\/span> <span class=\"tix-last\">Krams<\/span>\t\t\t\t\t\t<\/div>\n\n\t\t\t\t\t\t\n\t\t\t\t\t\t<\/li><li><img alt='' src='https:\/\/secure.gravatar.com\/avatar\/334d65b97f1dd70c84022e400d565b1f811697b6bf2556eec44124d8ab0008b9?s=96&#038;d=mm&#038;r=g' srcset='https:\/\/secure.gravatar.com\/avatar\/334d65b97f1dd70c84022e400d565b1f811697b6bf2556eec44124d8ab0008b9?s=192&#038;d=mm&#038;r=g 2x' class='avatar avatar-96 photo' height='96' width='96' \/>\n\t\t\t\t\t\t<div class=\"tix-field tix-attendee-name\">\n\t\t\t\t\t\t\t<span class=\"tix-first\">Bettina<\/span> <span class=\"tix-last\">Sch\u00f6bitz<\/span>\t\t\t\t\t\t<\/div>\n\n\t\t\t\t\t\t\n\t\t\t\t\t\t<a class=\"tix-field tix-attendee-twitter\" href=\"http:\/\/twitter.com\/schoebitz\">@schoebitz<\/a><a class=\"tix-field tix-attendee-url tix-website-url\" href=\"https:\/\/visutrainment.de\">visutrainment.de<\/a><\/li><li><img alt='' src='https:\/\/secure.gravatar.com\/avatar\/910b8010a35a86821d0b90d645374f5ae484513f2c195818e4c54bc0175d12e1?s=96&#038;d=mm&#038;r=g' srcset='https:\/\/secure.gravatar.com\/avatar\/910b8010a35a86821d0b90d645374f5ae484513f2c195818e4c54bc0175d12e1?s=192&#038;d=mm&#038;r=g 2x' class='avatar avatar-96 photo' height='96' width='96' \/>\n\t\t\t\t\t\t<div class=\"tix-field tix-attendee-name\">\n\t\t\t\t\t\t\t<span class=\"tix-first\">Christoph<\/span> <span class=\"tix-last\">Daum<\/span>\t\t\t\t\t\t<\/div>\n\n\t\t\t\t\t\t\n\t\t\t\t\t\t<a class=\"tix-field tix-attendee-twitter\" href=\"http:\/\/twitter.com\/ChristophDaumDe\">@ChristophDaumDe<\/a><a class=\"tix-field tix-attendee-url tix-website-url\" href=\"https:\/\/christoph-daum.de\">christoph-daum.de<\/a><\/li><li><img alt='' src='https:\/\/secure.gravatar.com\/avatar\/dce475248ce9177e10b6e1cfac01603abcf98db41cb9e4c85c563ef3b9ad65a4?s=96&#038;d=mm&#038;r=g' srcset='https:\/\/secure.gravatar.com\/avatar\/dce475248ce9177e10b6e1cfac01603abcf98db41cb9e4c85c563ef3b9ad65a4?s=192&#038;d=mm&#038;r=g 2x' class='avatar avatar-96 photo' height='96' width='96' \/>\n\t\t\t\t\t\t<div class=\"tix-field tix-attendee-name\">\n\t\t\t\t\t\t\t<span class=\"tix-first\">Deval<\/span> <span class=\"tix-last\">Talati<\/span>\t\t\t\t\t\t<\/div>\n\n\t\t\t\t\t\t\n\t\t\t\t\t\t<a class=\"tix-field tix-attendee-twitter\" href=\"http:\/\/twitter.com\/DevalC\">@DevalC<\/a><\/li><li><img alt='' src='https:\/\/secure.gravatar.com\/avatar\/4ab6b378081fdabe8fe130038994f1511b9415a9f70a52057f030160680b9a84?s=96&#038;d=mm&#038;r=g' srcset='https:\/\/secure.gravatar.com\/avatar\/4ab6b378081fdabe8fe130038994f1511b9415a9f70a52057f030160680b9a84?s=192&#038;d=mm&#038;r=g 2x' class='avatar avatar-96 photo' height='96' width='96' \/>\n\t\t\t\t\t\t<div class=\"tix-field tix-attendee-name\">\n\t\t\t\t\t\t\t<span class=\"tix-first\">Dirk<\/span> <span class=\"tix-last\">L\u00f6ffelbein<\/span>\t\t\t\t\t\t<\/div>\n\n\t\t\t\t\t\t\n\t\t\t\t\t\t<a class=\"tix-field tix-attendee-url tix-website-url\" href=\"https:\/\/redendoktor.de\">redendoktor.de<\/a><\/li><li><img alt='' src='https:\/\/secure.gravatar.com\/avatar\/a3997ddf1bd37752c39bb3d71192790c87db2cf2751385cb5b1a53ece06206bb?s=96&#038;d=mm&#038;r=g' srcset='https:\/\/secure.gravatar.com\/avatar\/a3997ddf1bd37752c39bb3d71192790c87db2cf2751385cb5b1a53ece06206bb?s=192&#038;d=mm&#038;r=g 2x' class='avatar avatar-96 photo' height='96' width='96' \/>\n\t\t\t\t\t\t<div class=\"tix-field tix-attendee-name\">\n\t\t\t\t\t\t\t<span class=\"tix-first\">Doreen<\/span> <span class=\"tix-last\">K\u00f6stler<\/span>\t\t\t\t\t\t<\/div>\n\n\t\t\t\t\t\t\n\t\t\t\t\t\t<a class=\"tix-field tix-attendee-url tix-website-url\" href=\"http:\/\/www.federworx.de\">federworx.de<\/a><\/li><li><img alt='' src='https:\/\/secure.gravatar.com\/avatar\/090fd7979b2e5ad13915ab1114525666888dfcba546ec27926850d9105079b3d?s=96&#038;d=mm&#038;r=g' srcset='https:\/\/secure.gravatar.com\/avatar\/090fd7979b2e5ad13915ab1114525666888dfcba546ec27926850d9105079b3d?s=192&#038;d=mm&#038;r=g 2x' class='avatar avatar-96 photo' height='96' width='96' \/>\n\t\t\t\t\t\t<div class=\"tix-field tix-attendee-name\">\n\t\t\t\t\t\t\t<span class=\"tix-first\">Eva<\/span> <span class=\"tix-last\">Brandecker<\/span>\t\t\t\t\t\t<\/div>\n\n\t\t\t\t\t\t\n\t\t\t\t\t\t<a class=\"tix-field tix-attendee-url tix-website-url\" href=\"https:\/\/www.brandeckermedia.de\">brandeckermedia.de<\/a><\/li><li><img alt='' src='https:\/\/secure.gravatar.com\/avatar\/5b658c719190b6c66d757aa726910918db301cb6e2cb28145d6008834cae0b24?s=96&#038;d=mm&#038;r=g' srcset='https:\/\/secure.gravatar.com\/avatar\/5b658c719190b6c66d757aa726910918db301cb6e2cb28145d6008834cae0b24?s=192&#038;d=mm&#038;r=g 2x' class='avatar avatar-96 photo' height='96' width='96' \/>\n\t\t\t\t\t\t<div class=\"tix-field tix-attendee-name\">\n\t\t\t\t\t\t\t<span class=\"tix-first\">Frank<\/span> <span class=\"tix-last\">Sarodnick<\/span>\t\t\t\t\t\t<\/div>\n\n\t\t\t\t\t\t\n\t\t\t\t\t\t<\/li><li><img alt='' src='https:\/\/secure.gravatar.com\/avatar\/b726493b6b9470b43636995f52b261f08ec924ea7c3ab83a37b8d9da234e621f?s=96&#038;d=mm&#038;r=g' srcset='https:\/\/secure.gravatar.com\/avatar\/b726493b6b9470b43636995f52b261f08ec924ea7c3ab83a37b8d9da234e621f?s=192&#038;d=mm&#038;r=g 2x' class='avatar avatar-96 photo' height='96' width='96' \/>\n\t\t\t\t\t\t<div class=\"tix-field tix-attendee-name\">\n\t\t\t\t\t\t\t<span class=\"tix-first\">Harald<\/span> <span class=\"tix-last\">Hempel<\/span>\t\t\t\t\t\t<\/div>\n\n\t\t\t\t\t\t\n\t\t\t\t\t\t<a class=\"tix-field tix-attendee-url tix-website-url\" href=\"http:\/\/www.photoandweb.com\">photoandweb.com<\/a><\/li><li><img alt='' src='https:\/\/secure.gravatar.com\/avatar\/6501cd8a194c100c2a1ed7ebab65c0a5e3e20d2f2a9ab6f4d4675cfc38a3a161?s=96&#038;d=mm&#038;r=g' srcset='https:\/\/secure.gravatar.com\/avatar\/6501cd8a194c100c2a1ed7ebab65c0a5e3e20d2f2a9ab6f4d4675cfc38a3a161?s=192&#038;d=mm&#038;r=g 2x' class='avatar avatar-96 photo' height='96' width='96' \/>\n\t\t\t\t\t\t<div class=\"tix-field tix-attendee-name\">\n\t\t\t\t\t\t\t<span class=\"tix-first\">Magnus<\/span> <span class=\"tix-last\">Wolf<\/span>\t\t\t\t\t\t<\/div>\n\n\t\t\t\t\t\t\n\t\t\t\t\t\t<\/li><li><img alt='' src='https:\/\/secure.gravatar.com\/avatar\/883086ffbc1367a494bd66c1cddf7f4751f47a6cb832156d533ceecb48c06699?s=96&#038;d=mm&#038;r=g' srcset='https:\/\/secure.gravatar.com\/avatar\/883086ffbc1367a494bd66c1cddf7f4751f47a6cb832156d533ceecb48c06699?s=192&#038;d=mm&#038;r=g 2x' class='avatar avatar-96 photo' height='96' width='96' \/>\n\t\t\t\t\t\t<div class=\"tix-field tix-attendee-name\">\n\t\t\t\t\t\t\t<span class=\"tix-first\">Martin<\/span> <span class=\"tix-last\">Wolfert<\/span>\t\t\t\t\t\t<\/div>\n\n\t\t\t\t\t\t\n\t\t\t\t\t\t<a class=\"tix-field tix-attendee-url tix-website-url\" href=\"https:\/\/ich-bin-deutsch.land\">ich-bin-deutsch.land<\/a><\/li><li><img alt='' src='https:\/\/secure.gravatar.com\/avatar\/6792b8b0999a98c0a06ffb7136f0d57249bb506b014577ab1a0968b1ee0922bc?s=96&#038;d=mm&#038;r=g' srcset='https:\/\/secure.gravatar.com\/avatar\/6792b8b0999a98c0a06ffb7136f0d57249bb506b014577ab1a0968b1ee0922bc?s=192&#038;d=mm&#038;r=g 2x' class='avatar avatar-96 photo' height='96' width='96' \/>\n\t\t\t\t\t\t<div class=\"tix-field tix-attendee-name\">\n\t\t\t\t\t\t\t<span class=\"tix-first\">Siggi<\/span> <span class=\"tix-last\">Becker<\/span>\t\t\t\t\t\t<\/div>\n\n\t\t\t\t\t\t\n\t\t\t\t\t\t<a class=\"tix-field tix-attendee-url tix-website-url\" href=\"http:\/\/www.siggibecker.de\">siggibecker.de<\/a><\/li><li><img alt='' src='https:\/\/secure.gravatar.com\/avatar\/bb3902364ffbbf549c3c74dafed052e897920e3fba47122f14987edc81a04ff2?s=96&#038;d=mm&#038;r=g' srcset='https:\/\/secure.gravatar.com\/avatar\/bb3902364ffbbf549c3c74dafed052e897920e3fba47122f14987edc81a04ff2?s=192&#038;d=mm&#038;r=g 2x' class='avatar avatar-96 photo' height='96' width='96' \/>\n\t\t\t\t\t\t<div class=\"tix-field tix-attendee-name\">\n\t\t\t\t\t\t\t<span class=\"tix-first\">Susanne<\/span> <span class=\"tix-last\">Braun<\/span>\t\t\t\t\t\t<\/div>\n\n\t\t\t\t\t\t\n\t\t\t\t\t\t<a class=\"tix-field tix-attendee-url tix-website-url\" href=\"https:\/\/susbraun.de\">susbraun.de<\/a><\/li><li><img alt='' src='https:\/\/secure.gravatar.com\/avatar\/749c3d26dcae7cc7747f046a7827d95895b1122d43efc3b9e550079b99adac65?s=96&#038;d=mm&#038;r=g' srcset='https:\/\/secure.gravatar.com\/avatar\/749c3d26dcae7cc7747f046a7827d95895b1122d43efc3b9e550079b99adac65?s=192&#038;d=mm&#038;r=g 2x' class='avatar avatar-96 photo' height='96' width='96' \/>\n\t\t\t\t\t\t<div class=\"tix-field tix-attendee-name\">\n\t\t\t\t\t\t\t<span class=\"tix-first\">Sven<\/span> <span class=\"tix-last\">Lehnert<\/span>\t\t\t\t\t\t<\/div>\n\n\t\t\t\t\t\t\n\t\t\t\t\t\t<a class=\"tix-field tix-attendee-twitter\" href=\"http:\/\/twitter.com\/svenl77\">@svenl77<\/a><a class=\"tix-field tix-attendee-url tix-website-url\" href=\"http:\/\/themekraft.com\">themekraft.com<\/a><\/li><li><img alt='' src='https:\/\/secure.gravatar.com\/avatar\/33bd4187f5e0db977074f23a82f76eecdf5a7f6ff1aea0df79ee7b0c3d282a72?s=96&#038;d=mm&#038;r=g' srcset='https:\/\/secure.gravatar.com\/avatar\/33bd4187f5e0db977074f23a82f76eecdf5a7f6ff1aea0df79ee7b0c3d282a72?s=192&#038;d=mm&#038;r=g 2x' class='avatar avatar-96 photo' height='96' width='96' \/>\n\t\t\t\t\t\t<div class=\"tix-field tix-attendee-name\">\n\t\t\t\t\t\t\t<span class=\"tix-first\">Vineet<\/span> <span class=\"tix-last\">Talwar<\/span>\t\t\t\t\t\t<\/div>\n\n\t\t\t\t\t\t\n\t\t\t\t\t\t<a class=\"tix-field tix-attendee-twitter\" href=\"http:\/\/twitter.com\/vineetsktalwar\">@vineetsktalwar<\/a><a class=\"tix-field tix-attendee-url tix-website-url\" href=\"https:\/\/firemud.com\">firemud.com<\/a><\/li>\t\t\t<\/ul>\n\t\t<\/div>\n\t\t<br class=\"tix-clear\"\/>\n\t\t\n","protected":false},"excerpt":{"rendered":"<p>Wir sind eine bunt gemischte Gruppe von Leuten, die sich ein ebenso buntes und freundliches WordCamp zum Ziel gesetzt haben. Die meisten organisieren au\u00dferdem auch das lokale WordPress Meetup D\u00fcsseldorf. Wer wir sind und was wir sonst so machen, erfahrt ihr auf dieser Seite. Und nat\u00fcrlich ist das WordCamp nur denkbar, dank dem tatkr\u00e4ftigen Einsatz &hellip; <\/p>\n<p class=\"link-more\"><a href=\"https:\/\/dusseldorf.wordcamp.org\/2019\/organizers\/\" class=\"more-link\"><span class=\"screen-reader-text\">\u201eOrgateam\u201c<\/span> weiterlesen<\/a><\/p>\n","protected":false},"author":3595006,"featured_media":0,"parent":0,"menu_order":0,"comment_status":"closed","ping_status":"closed","template":"","meta":{"jetpack_post_was_ever_published":false,"footnotes":""},"class_list":["post-12","page","type-page","status-publish","hentry"],"jetpack_sharing_enabled":true,"jetpack_shortlink":"https:\/\/wp.me\/PaQGws-c","_links":{"self":[{"href":"https:\/\/dusseldorf.wordcamp.org\/2019\/wp-json\/wp\/v2\/pages\/12","targetHints":{"allow":["GET"]}}],"collection":[{"href":"https:\/\/dusseldorf.wordcamp.org\/2019\/wp-json\/wp\/v2\/pages"}],"about":[{"href":"https:\/\/dusseldorf.wordcamp.org\/2019\/wp-json\/wp\/v2\/types\/page"}],"author":[{"embeddable":true,"href":"https:\/\/dusseldorf.wordcamp.org\/2019\/wp-json\/wp\/v2\/users\/3595006"}],"replies":[{"embeddable":true,"href":"https:\/\/dusseldorf.wordcamp.org\/2019\/wp-json\/wp\/v2\/comments?post=12"}],"version-history":[{"count":52,"href":"https:\/\/dusseldorf.wordcamp.org\/2019\/wp-json\/wp\/v2\/pages\/12\/revisions"}],"predecessor-version":[{"id":2569,"href":"https:\/\/dusseldorf.wordcamp.org\/2019\/wp-json\/wp\/v2\/pages\/12\/revisions\/2569"}],"wp:attachment":[{"href":"https:\/\/dusseldorf.wordcamp.org\/2019\/wp-json\/wp\/v2\/media?parent=12"}],"curies":[{"name":"wp","href":"https:\/\/api.w.org\/{rel}","templated":true}]}}