{"id":13,"date":"2019-09-10T08:42:38","date_gmt":"2019-09-10T06:42:38","guid":{"rendered":"https:\/\/2019.dusseldorf.wordcamp.org\/?page_id=13"},"modified":"2019-11-28T11:11:13","modified_gmt":"2019-11-28T10:11:13","slug":"tickets","status":"publish","type":"page","link":"https:\/\/dusseldorf.wordcamp.org\/2019\/tickets\/","title":{"rendered":"Tickets"},"content":{"rendered":"\n<p>Das WordCamp D\u00fcsseldorf findet am <strong>30.11.2019<\/strong> von 9 Uhr bis ca. 18 Uhr mit anschlie\u00dfendem Social Get Together in den&nbsp;<a href=\"https:\/\/2019.dusseldorf.wordcamp.org\/location\/\">Elegant Elephant Studios<\/a> statt.<br><br>F\u00fcr Deine Teilnahme am <strong>WordCamp<\/strong> ist der Kauf eines Tickets erforderlich. Im Ticketpreis sind die Konferenz, Getr\u00e4nke, Mittagessen und Snacks am Nachmittag enthalten. <\/p>\n\n\n\n<p>Wenn Du einen Coupon-Code als <a href=\"https:\/\/2019.dusseldorf.wordcamp.org\/sponsors\/\">Sponsor<\/a>, Speaker oder Volunteer von uns erhalten hast, denke bitte daran diesen anzugeben. Der Ticketpreis wird dann entsprechend reduziert.<\/p>\n\n\n\n<h3 class=\"wp-block-heading\">Ablauf des Ticketverkauf<\/h3>\n\n\n\n<p>Das Standard-Ticket kostet 25 \u20ac. Darin enthalten sind die Konferenz,  Getr\u00e4nke, Mittagessen und Snacks am Nachmittag. Alternativ k\u00f6nnt ihr mit  einem Community Sponsor-Ticket f\u00fcr 99 \u20ac helfen, durch den h\u00f6heren  Ticketpreis die realen Kosten der Konferenz zu tragen.<\/p>\n\n\n<a href=\"https:\/\/dusseldorf.wordcamp.org\/2019\/tickets\/\">Bitte rufe diese Seite in einem Browser auf, um Tickets zu kaufen oder zu verwalten.<\/a>\n\n\n\n<h3 class=\"wp-block-heading\">\nFOTOHINWEIS<\/h3>\n\n\n\n<p>W\u00e4hrend der Veranstaltung werden Fotos und Videos  erstellt. Diese werden zur \u00d6ffentlichkeitsarbeit und Darstellung unserer  Aktivit\u00e4ten auf Webseiten und in Social-Media-Kan\u00e4len sowie in  Printmedien ver\u00f6ffentlicht, um den Bekanntheitsgrad des WordPress Meetup  D\u00fcsseldorf zu erh\u00f6hen.<br>Wenn Du nicht abgelichtet werden m\u00f6chtest,  kannst Du uns gerne ansprechen, dann k\u00f6nnen wir dies ber\u00fccksichtigen. Weitere Informationen findest Du unter<br><a href=\"https:\/\/www.wpdus.de\/fotohinweis\/\">https:\/\/www.wpdus.de\/fotohinweis\/.<\/a><\/p>\n","protected":false},"excerpt":{"rendered":"<p>Das WordCamp D\u00fcsseldorf findet am 30.11.2019 von 9 Uhr bis ca. 18 Uhr mit anschlie\u00dfendem Social Get Together in den&nbsp;Elegant Elephant Studios statt. F\u00fcr Deine Teilnahme am WordCamp ist der Kauf eines Tickets erforderlich. Im Ticketpreis sind die Konferenz, Getr\u00e4nke, Mittagessen und Snacks am Nachmittag enthalten. Wenn Du einen Coupon-Code als Sponsor, Speaker oder Volunteer &hellip; <\/p>\n<p class=\"link-more\"><a href=\"https:\/\/dusseldorf.wordcamp.org\/2019\/tickets\/\" class=\"more-link\"><span class=\"screen-reader-text\">\u201eTickets\u201c<\/span> weiterlesen<\/a><\/p>\n","protected":false},"author":3595006,"featured_media":0,"parent":0,"menu_order":0,"comment_status":"closed","ping_status":"closed","template":"","meta":{"jetpack_post_was_ever_published":false,"footnotes":""},"class_list":["post-13","page","type-page","status-publish","hentry"],"jetpack_sharing_enabled":true,"jetpack_shortlink":"https:\/\/wp.me\/PaQGws-d","_links":{"self":[{"href":"https:\/\/dusseldorf.wordcamp.org\/2019\/wp-json\/wp\/v2\/pages\/13","targetHints":{"allow":["GET"]}}],"collection":[{"href":"https:\/\/dusseldorf.wordcamp.org\/2019\/wp-json\/wp\/v2\/pages"}],"about":[{"href":"https:\/\/dusseldorf.wordcamp.org\/2019\/wp-json\/wp\/v2\/types\/page"}],"author":[{"embeddable":true,"href":"https:\/\/dusseldorf.wordcamp.org\/2019\/wp-json\/wp\/v2\/users\/3595006"}],"replies":[{"embeddable":true,"href":"https:\/\/dusseldorf.wordcamp.org\/2019\/wp-json\/wp\/v2\/comments?post=13"}],"version-history":[{"count":29,"href":"https:\/\/dusseldorf.wordcamp.org\/2019\/wp-json\/wp\/v2\/pages\/13\/revisions"}],"predecessor-version":[{"id":2449,"href":"https:\/\/dusseldorf.wordcamp.org\/2019\/wp-json\/wp\/v2\/pages\/13\/revisions\/2449"}],"wp:attachment":[{"href":"https:\/\/dusseldorf.wordcamp.org\/2019\/wp-json\/wp\/v2\/media?parent=13"}],"curies":[{"name":"wp","href":"https:\/\/api.w.org\/{rel}","templated":true}]}}