{"id":2182,"date":"2019-11-12T13:56:49","date_gmt":"2019-11-12T12:56:49","guid":{"rendered":"https:\/\/2019.dusseldorf.wordcamp.org\/?page_id=2182"},"modified":"2019-11-12T13:56:49","modified_gmt":"2019-11-12T12:56:49","slug":"vielfalt","status":"publish","type":"page","link":"https:\/\/dusseldorf.wordcamp.org\/2019\/vielfalt\/","title":{"rendered":"Mehr Vielfalt!"},"content":{"rendered":"\n<p>Wir haben bei der Organisation dieses WordCamps entschieden, dass es eine Konferenz werden soll, an der wir selbst teilnehmen wollen. Wir halten es f\u00fcr wichtig, unsere Werte und Bestrebungen offen zu legen.&nbsp;<br><\/p>\n\n\n\n<h2 class=\"wp-block-heading\">Ein freundliches WordCamp f\u00fcr jedermensch<\/h2>\n\n\n\n<p>Wir sind bestrebt, dass sich alle willkommen f\u00fchlen und wissen, dass ihr Beitrag wichtig ist. Wir wollen mehr Menschen in die Gemeinschaft einbeziehen und nicht, dass sich jemand zum Schweigen gebracht f\u00fchlt. Wir sind besonders daran interessiert, die weniger geh\u00f6rten Stimmen zu Geh\u00f6r zu bringen.&nbsp;<\/p>\n\n\n\n<h2 class=\"wp-block-heading\">Warum Vielfalt?<\/h2>\n\n\n\n<p>Wir begr\u00fc\u00dfen Vielfalt, weil wir glauben, dass sie die Open-Source-Community st\u00e4rker und produktiver macht. Wir glauben, dass diverse Teams bessere Ergebnisse erzielen.&nbsp;<br><\/p>\n\n\n\n<p>Wir sind uns sicher, dass Menschen aller Ansichten und \u00dcberzeugungen zusammenkommen und voneinander lernen k\u00f6nnen. Wir glauben an das breite Spektrum individueller und kollektiver Erfahrungen und an die W\u00fcrde aller Menschen. Wir glauben, dass erstaunliche Dinge entstehen, wenn sich Menschen aus verschiedenen Welten und Weltanschauungen begegnen, um ein Gespr\u00e4ch zu f\u00fchren.<\/p>\n\n\n\n<h2 class=\"wp-block-heading\">Es ist noch viel zu tun<\/h2>\n\n\n\n<p>Es hat sich in den letzten Jahren schon einiges getan. Aber noch immer sind wir nicht am Ziel angekommen. Wir als Organisator*innen des WordCamps m\u00f6chten unser Bestes tun, um diese Schieflage weiter zu reduzieren.<\/p>\n\n\n\n<h2 class=\"wp-block-heading\">Wie wir ver\u00e4ndern wollen<\/h2>\n\n\n\n<ul class=\"wp-block-list\"><li><strong>Ansprache auf der Website<\/strong> &#8211; wir achten bei Formulierungen und der Auswahl von Fotos darauf alle Menschen anzusprechen&nbsp;<\/li><li><strong>Aktiv ermutigen sich als Speaker zu bewerben<\/strong> \u2013 wir sind aktiv auf unterrepr\u00e4sentierte Gruppen wie z.B. Frauen zugegangen und haben sie ermutigt Vortr\u00e4ge f\u00fcr das WordCamp einzureichen.&nbsp;<\/li><li><strong>Finanzielle Unterst\u00fctzung suchen<\/strong> \u2013 manchmal scheitert der Besuch von WordCamps auch an den Kosten. Wir ermutigen euch (und helfen bei Bedarf) beim <a href=\"https:\/\/yoast.com\/yoast-diversity-fund\/\" rel=\"nofollow\">Yoast Diversity Fund<\/a> euch f\u00fcr eine finanzielle Unterst\u00fctzung zu bewerben.<\/li><li><strong>Ticket sospeso<\/strong> &#8211; einige Teilnehmer*innen haben neben ihrem eigenen Ticket ein zweites bezahlt, um so Bed\u00fcrftigen ein kostenloses Ticket zur Verf\u00fcgung zu stellen.<\/li><\/ul>\n\n\n\n<h2 class=\"wp-block-heading\">Helft uns vielf\u00e4ltiger zu werden<\/h2>\n\n\n\n<p>Wir wissen, dass wir beim ersten Versuch nichts davon perfekt machen werden. Aber wir haben genug Hoffnung, Energie und Idealismus, um lernen zu wollen.&nbsp;<\/p>\n\n\n\n<p><\/p>\n\n\n\n<p>Dieser Text entstand mit viel Inspiration von <a href=\"http:\/\/www.osfeels.com\/diversity\/\">http:\/\/www.osfeels.com\/diversity\/<\/a><\/p>\n","protected":false},"excerpt":{"rendered":"<p>Wir haben bei der Organisation dieses WordCamps entschieden, dass es eine Konferenz werden soll, an der wir selbst teilnehmen wollen. Wir halten es f\u00fcr wichtig, unsere Werte und Bestrebungen offen zu legen.&nbsp; Ein freundliches WordCamp f\u00fcr jedermensch Wir sind bestrebt, dass sich alle willkommen f\u00fchlen und wissen, dass ihr Beitrag wichtig ist. Wir wollen mehr &hellip; <\/p>\n<p class=\"link-more\"><a href=\"https:\/\/dusseldorf.wordcamp.org\/2019\/vielfalt\/\" class=\"more-link\"><span class=\"screen-reader-text\">\u201eMehr Vielfalt!\u201c<\/span> weiterlesen<\/a><\/p>\n","protected":false},"author":15551246,"featured_media":0,"parent":0,"menu_order":0,"comment_status":"closed","ping_status":"closed","template":"","meta":{"jetpack_post_was_ever_published":false,"footnotes":""},"class_list":["post-2182","page","type-page","status-publish","hentry"],"jetpack_sharing_enabled":true,"jetpack_shortlink":"https:\/\/wp.me\/PaQGws-zc","_links":{"self":[{"href":"https:\/\/dusseldorf.wordcamp.org\/2019\/wp-json\/wp\/v2\/pages\/2182","targetHints":{"allow":["GET"]}}],"collection":[{"href":"https:\/\/dusseldorf.wordcamp.org\/2019\/wp-json\/wp\/v2\/pages"}],"about":[{"href":"https:\/\/dusseldorf.wordcamp.org\/2019\/wp-json\/wp\/v2\/types\/page"}],"author":[{"embeddable":true,"href":"https:\/\/dusseldorf.wordcamp.org\/2019\/wp-json\/wp\/v2\/users\/15551246"}],"replies":[{"embeddable":true,"href":"https:\/\/dusseldorf.wordcamp.org\/2019\/wp-json\/wp\/v2\/comments?post=2182"}],"version-history":[{"count":2,"href":"https:\/\/dusseldorf.wordcamp.org\/2019\/wp-json\/wp\/v2\/pages\/2182\/revisions"}],"predecessor-version":[{"id":2252,"href":"https:\/\/dusseldorf.wordcamp.org\/2019\/wp-json\/wp\/v2\/pages\/2182\/revisions\/2252"}],"wp:attachment":[{"href":"https:\/\/dusseldorf.wordcamp.org\/2019\/wp-json\/wp\/v2\/media?parent=2182"}],"curies":[{"name":"wp","href":"https:\/\/api.w.org\/{rel}","templated":true}]}}