{"id":285,"date":"2019-07-26T23:46:30","date_gmt":"2019-07-26T21:46:30","guid":{"rendered":"https:\/\/2019.dusseldorf.wordcamp.org\/?page_id=285"},"modified":"2020-09-18T10:14:42","modified_gmt":"2020-09-18T08:14:42","slug":"start","status":"publish","type":"page","link":"https:\/\/dusseldorf.wordcamp.org\/2019\/","title":{"rendered":"WordCamp D\u00fcsseldorf 2019"},"content":{"rendered":"\n<p>Am 30.11.2019 fand in den <a href=\"https:\/\/2019.dusseldorf.wordcamp.org\/location\/\">Elegant Elephant Studios<\/a> das erste WordCamp D\u00fcsseldorf statt. <\/p>\n\n\n\n<p>In den vergangenen Jahren haben wir gemeinsam mit euch erfolgreich die Meetup-Tage durchgef\u00fchrt. in 2019 gab es dann etwas Neues: <strong>das WordCamp D\u00fcsseldorf!<\/strong>  Ein WordCamp? Es ist in etwa wie ein Meetup-Tag, nur etwas gr\u00f6\u00dfer und etwas mehr von allem, was ihr kennt.: Vortr\u00e4ge, Workshops und viele Gespr\u00e4che <strong>rund um WordPress<\/strong>. <\/p>\n\n\n\n<h3 class=\"wp-block-heading\">Das WordCamp in Bildern<\/h3>\n\n\n\n<p>Wir danken unseren Teilnehmer*Innen, Volunteers und Sponsoren f\u00fcr einen wunderbaren Tag. Ein paar Eindr\u00fccke den Tages findet ihr in unserer <a href=\"https:\/\/2019.dusseldorf.wordcamp.org\/das-war-das-erste-wordcamp-duesseldorf-in-bildern\/\" data-type=\"post\" data-id=\"2636\">Bildergalerie<\/a>.<\/p>\n\n\n\n<h3 class=\"highlight wp-block-heading\">#WCDUS<\/h3>\n\n\n\n<p>Ihr k\u00f6nnt auch Updates von uns auf Facebook, Twitter und Instagram \nfinden. Der offizielle&nbsp;Hashtag f\u00fcr das WordCamp D\u00fcsseldorf ist <strong>#WCDUS<\/strong>.\n Wenn Ihr uns erreichen m\u00f6chtet, k\u00f6nnt Ihr&nbsp;einen unserer Social Media \nBeitr\u00e4ge kommentieren oder uns \u00fcber die Website kontaktieren.<\/p>\n\n\n\n<h3 class=\"has-text-align-left wp-block-heading\">Was ihr bei uns erwarten k\u00f6nnt<\/h3>\n\n\n\n<div class=\"wp-block-columns alignfull has-3-columns teaser-block is-layout-flex wp-container-core-columns-is-layout-9d6595d7 wp-block-columns-is-layout-flex\">\n<div class=\"wp-block-column is-layout-flow wp-block-column-is-layout-flow\">\n<figure class=\"wp-block-image\"><img loading=\"lazy\" decoding=\"async\" width=\"500\" height=\"375\" src=\"https:\/\/localhost:3000\/files\/2019\/09\/wcdus-gemeinsamlernen.jpg\" alt=\"\" class=\"wp-image-965\" srcset=\"https:\/\/dusseldorf.wordcamp.org\/2019\/files\/2019\/09\/wcdus-gemeinsamlernen.jpg 500w, https:\/\/dusseldorf.wordcamp.org\/2019\/files\/2019\/09\/wcdus-gemeinsamlernen-300x225.jpg 300w, https:\/\/dusseldorf.wordcamp.org\/2019\/files\/2019\/09\/wcdus-gemeinsamlernen-400x300.jpg 400w\" sizes=\"auto, (max-width: 500px) 100vw, 500px\" \/><\/figure>\n\n\n\n<h4 class=\"has-text-align-left wp-block-heading\">Gemeinsames Lernen<\/h4>\n\n\n\n<p class=\"has-text-align-left\">Wie auch bei unseren WPDUS-Meetups lernen wir alle im Austausch miteinander und immer auf Augenh\u00f6he.<\/p>\n<\/div>\n\n\n\n<div class=\"wp-block-column is-layout-flow wp-block-column-is-layout-flow\">\n<figure class=\"wp-block-image\"><img loading=\"lazy\" decoding=\"async\" width=\"500\" height=\"375\" src=\"https:\/\/localhost:3000\/files\/2019\/09\/wcdus-netzwerk.jpg\" alt=\"\" class=\"wp-image-966\" srcset=\"https:\/\/dusseldorf.wordcamp.org\/2019\/files\/2019\/09\/wcdus-netzwerk.jpg 500w, https:\/\/dusseldorf.wordcamp.org\/2019\/files\/2019\/09\/wcdus-netzwerk-300x225.jpg 300w, https:\/\/dusseldorf.wordcamp.org\/2019\/files\/2019\/09\/wcdus-netzwerk-400x300.jpg 400w\" sizes=\"auto, (max-width: 500px) 100vw, 500px\" \/><\/figure>\n\n\n\n<h4 class=\"has-text-align-left wp-block-heading\">Netzwerken<\/h4>\n\n\n\n<p class=\"has-text-align-left\">Netzwerken ist ausdr\u00fccklich erw\u00fcnscht und wird bei uns gern praktiziert. Setzt euch zusammen und lernt euch kennen!<\/p>\n<\/div>\n\n\n\n<div class=\"wp-block-column is-layout-flow wp-block-column-is-layout-flow\">\n<figure class=\"wp-block-image\"><img loading=\"lazy\" decoding=\"async\" width=\"500\" height=\"375\" src=\"https:\/\/localhost:3000\/files\/2019\/09\/wcdus-tellerrand.jpg\" alt=\"\" class=\"wp-image-967\" srcset=\"https:\/\/dusseldorf.wordcamp.org\/2019\/files\/2019\/09\/wcdus-tellerrand.jpg 500w, https:\/\/dusseldorf.wordcamp.org\/2019\/files\/2019\/09\/wcdus-tellerrand-300x225.jpg 300w, https:\/\/dusseldorf.wordcamp.org\/2019\/files\/2019\/09\/wcdus-tellerrand-400x300.jpg 400w\" sizes=\"auto, (max-width: 500px) 100vw, 500px\" \/><\/figure>\n\n\n\n<h4 class=\"has-text-align-left wp-block-heading\">\u00dcber den Tellerrand<\/h4>\n\n\n\n<p class=\"has-text-align-left\">Die eigenen ausgetretenen Pfade zu verlassen, ist nicht immer leicht, aber bringt oft erstaunliche Aha-Erlebnisse.   <\/p>\n<\/div>\n<\/div>\n\n\n\n<div style=\"height:50px\" aria-hidden=\"true\" class=\"wp-block-spacer\"><\/div>\n\n\n\n<p><\/p>\n\n\n\n<div class=\"wp-block-columns has-3-columns block-sidewide is-layout-flex wp-container-core-columns-is-layout-9d6595d7 wp-block-columns-is-layout-flex\">\n<div class=\"wp-block-column is-layout-flow wp-block-column-is-layout-flow\">\n<p><\/p>\n<\/div>\n\n\n\n<div class=\"wp-block-column is-layout-flow wp-block-column-is-layout-flow\">\n<h3 class=\"wpdus-subscription wp-block-heading\">Abonniert unseren Newsletter<\/h3>\n\n\n\n<p>und erhaltet immer die aktuellsten Neuigkeiten \u00fcber den Start des Ticketverkauf, den Veranstaltungsort sowie Zeitplan und vieles interessantes mehr. <\/p>\n\n\n<div class=\"wp-block-jetpack-subscriptions__supports-newline wp-block-jetpack-subscriptions\">\n\t\t<div>\n\t\t\t<div>\n\t\t\t\t<div>\n\t\t\t\t\t<p >\n\t\t\t\t\t\t<a href=\"https:\/\/dusseldorf.wordcamp.org\/2019\/?post_type=page&#038;p=285\" style=\"font-size: 16px;padding: 15px 23px 15px 23px;margin: 0; margin-left: 10px;border-radius: 0px;border-width: 1px; text-decoration: none; white-space: nowrap; margin-left: 0\">Anmelden<\/a>\n\t\t\t\t\t<\/p>\n\t\t\t\t<\/div>\n\t\t\t<\/div>\n\t\t<\/div>\n\t<\/div><\/div>\n\n\n\n<div class=\"wp-block-column is-layout-flow wp-block-column-is-layout-flow\"><\/div>\n<\/div>\n\n\n\n<p><\/p>\n","protected":false},"excerpt":{"rendered":"<p>Am 30.11.2019 fand in den Elegant Elephant Studios das erste WordCamp D\u00fcsseldorf statt. In den vergangenen Jahren haben wir gemeinsam mit euch erfolgreich die Meetup-Tage durchgef\u00fchrt. in 2019 gab es dann etwas Neues: das WordCamp D\u00fcsseldorf! Ein WordCamp? Es ist in etwa wie ein Meetup-Tag, nur etwas gr\u00f6\u00dfer und etwas mehr von allem, was ihr &hellip; <\/p>\n<p class=\"link-more\"><a href=\"https:\/\/dusseldorf.wordcamp.org\/2019\/\" class=\"more-link\"><span class=\"screen-reader-text\">\u201eWordCamp D\u00fcsseldorf 2019\u201c<\/span> weiterlesen<\/a><\/p>\n","protected":false},"author":15551246,"featured_media":0,"parent":0,"menu_order":0,"comment_status":"closed","ping_status":"closed","template":"","meta":{"jetpack_post_was_ever_published":false,"footnotes":""},"class_list":["post-285","page","type-page","status-publish","hentry"],"jetpack_sharing_enabled":true,"jetpack_shortlink":"https:\/\/wp.me\/PaQGws-4B","_links":{"self":[{"href":"https:\/\/dusseldorf.wordcamp.org\/2019\/wp-json\/wp\/v2\/pages\/285","targetHints":{"allow":["GET"]}}],"collection":[{"href":"https:\/\/dusseldorf.wordcamp.org\/2019\/wp-json\/wp\/v2\/pages"}],"about":[{"href":"https:\/\/dusseldorf.wordcamp.org\/2019\/wp-json\/wp\/v2\/types\/page"}],"author":[{"embeddable":true,"href":"https:\/\/dusseldorf.wordcamp.org\/2019\/wp-json\/wp\/v2\/users\/15551246"}],"replies":[{"embeddable":true,"href":"https:\/\/dusseldorf.wordcamp.org\/2019\/wp-json\/wp\/v2\/comments?post=285"}],"version-history":[{"count":94,"href":"https:\/\/dusseldorf.wordcamp.org\/2019\/wp-json\/wp\/v2\/pages\/285\/revisions"}],"predecessor-version":[{"id":2868,"href":"https:\/\/dusseldorf.wordcamp.org\/2019\/wp-json\/wp\/v2\/pages\/285\/revisions\/2868"}],"wp:attachment":[{"href":"https:\/\/dusseldorf.wordcamp.org\/2019\/wp-json\/wp\/v2\/media?parent=285"}],"curies":[{"name":"wp","href":"https:\/\/api.w.org\/{rel}","templated":true}]}}