{"id":8,"date":"2019-03-26T16:28:49","date_gmt":"2019-03-26T15:28:49","guid":{"rendered":"https:\/\/2019.dusseldorf.wordcamp.org\/speakers\/"},"modified":"2019-12-08T11:39:57","modified_gmt":"2019-12-08T10:39:57","slug":"speakers","status":"publish","type":"page","link":"https:\/\/dusseldorf.wordcamp.org\/2019\/speakers\/","title":{"rendered":"Speaker*innen"},"content":{"rendered":"\n<p>Wir sind froh und stolz auf die Auswahl toller Speaker*innen f\u00fcr unser erstes WordCamp D\u00fcsseldorf. Zu jeder\/m findest du hier ein Protrait mit Details auf der Unterseite.<\/p>\n\n\n\n<p>Au\u00dferdem m\u00f6chten wir uns bei den Backup-Speaker*innen bedanken.<\/p>\n\n\n\n<p><a href=\"https:\/\/2019.dusseldorf.wordcamp.org\/schedule\/\">Das dazugeh\u00f6rige Programm\/Schedule findest du hier.<\/a><\/p>\n\n\n<ul class=\"wordcamp-block wordcamp-post-list has-layout-grid wordcamp-speakers has-grid-columns-4\"><li class=\"wordcamp-post-list__post wordcamp-clearfix\">\n<div class=\"wordcamp-speaker wordcamp-speakers__post slug-alain-schlesser\">\n\t<h3 class=\"wordcamp-block__item-title wordcamp-speakers__title\" style=\"text-align:left\"><a href=\"https:\/\/dusseldorf.wordcamp.org\/2019\/speaker\/alain-schlesser\/\">Alain Schlesser<\/a><\/h3>\n\t\t\t<div class=\"wordcamp-image__avatar-container align-none\">\n\t\t\t<a href=\"https:\/\/dusseldorf.wordcamp.org\/2019\/speaker\/alain-schlesser\/\" class=\"wordcamp-image__avatar-link\">\n\t\t\t\t<img decoding=\"async\" src=\"https:\/\/secure.gravatar.com\/avatar\/6dde7f578e5530884238e7173f768ae3a890b6d66eb99262a82f2c494a1b67d4?s=300&amp;d=mm&amp;r=g\" alt=\"Avatar von Alain Schlesser\" \/>\t\t\t<\/a>\n\t\t<\/div>\n\t\n\t\n\t<\/div>\n\n<\/li><li class=\"wordcamp-post-list__post wordcamp-clearfix\">\n<div class=\"wordcamp-speaker wordcamp-speakers__post slug-christian-schepp-schaefer\">\n\t<h3 class=\"wordcamp-block__item-title wordcamp-speakers__title\" style=\"text-align:left\"><a href=\"https:\/\/dusseldorf.wordcamp.org\/2019\/speaker\/christian-schepp-schaefer\/\">Christian &#8222;Schepp&#8220; Schaefer<\/a><\/h3>\n\t\t\t<div class=\"wordcamp-image__avatar-container align-none\">\n\t\t\t<a href=\"https:\/\/dusseldorf.wordcamp.org\/2019\/speaker\/christian-schepp-schaefer\/\" class=\"wordcamp-image__avatar-link\">\n\t\t\t\t<img decoding=\"async\" src=\"https:\/\/secure.gravatar.com\/avatar\/3d085ad517824249b4096603e2fb103fa907e52ca3db9b654673a6530f62f542?s=300&amp;d=mm&amp;r=g\" alt=\"Avatar von Christian &#8222;Schepp&#8220; Schaefer\" \/>\t\t\t<\/a>\n\t\t<\/div>\n\t\n\t\n\t<\/div>\n\n<\/li><li class=\"wordcamp-post-list__post wordcamp-clearfix\">\n<div class=\"wordcamp-speaker wordcamp-speakers__post slug-christoph-daum\">\n\t<h3 class=\"wordcamp-block__item-title wordcamp-speakers__title\" style=\"text-align:left\"><a href=\"https:\/\/dusseldorf.wordcamp.org\/2019\/speaker\/christoph-daum\/\">Christoph Daum<\/a><\/h3>\n\t\t\t<div class=\"wordcamp-image__avatar-container align-none\">\n\t\t\t<a href=\"https:\/\/dusseldorf.wordcamp.org\/2019\/speaker\/christoph-daum\/\" class=\"wordcamp-image__avatar-link\">\n\t\t\t\t<img decoding=\"async\" src=\"https:\/\/secure.gravatar.com\/avatar\/910b8010a35a86821d0b90d645374f5ae484513f2c195818e4c54bc0175d12e1?s=300&amp;d=mm&amp;r=g\" alt=\"Avatar von Christoph Daum\" \/>\t\t\t<\/a>\n\t\t<\/div>\n\t\n\t\n\t<\/div>\n\n<\/li><li class=\"wordcamp-post-list__post wordcamp-clearfix\">\n<div class=\"wordcamp-speaker wordcamp-speakers__post slug-dirk-preuten\">\n\t<h3 class=\"wordcamp-block__item-title wordcamp-speakers__title\" style=\"text-align:left\"><a href=\"https:\/\/dusseldorf.wordcamp.org\/2019\/speaker\/dirk-preuten\/\">Dirk Preuten<\/a><\/h3>\n\t\t\t<div class=\"wordcamp-image__avatar-container align-none\">\n\t\t\t<a href=\"https:\/\/dusseldorf.wordcamp.org\/2019\/speaker\/dirk-preuten\/\" class=\"wordcamp-image__avatar-link\">\n\t\t\t\t<img decoding=\"async\" src=\"https:\/\/secure.gravatar.com\/avatar\/60bca6541ce3d10e303c6d98a0eb85d9317a3b74ad964fee6db683acdf23f0d5?s=300&amp;d=mm&amp;r=g\" alt=\"Avatar von Dirk Preuten\" \/>\t\t\t<\/a>\n\t\t<\/div>\n\t\n\t\n\t<\/div>\n\n<\/li><li class=\"wordcamp-post-list__post wordcamp-clearfix\">\n<div class=\"wordcamp-speaker wordcamp-speakers__post slug-friederike-von-dem-bussche\">\n\t<h3 class=\"wordcamp-block__item-title wordcamp-speakers__title\" style=\"text-align:left\"><a href=\"https:\/\/dusseldorf.wordcamp.org\/2019\/speaker\/friederike-von-dem-bussche\/\">Friederike von dem Bussche<\/a><\/h3>\n\t\t\t<div class=\"wordcamp-image__avatar-container align-none\">\n\t\t\t<a href=\"https:\/\/dusseldorf.wordcamp.org\/2019\/speaker\/friederike-von-dem-bussche\/\" class=\"wordcamp-image__avatar-link\">\n\t\t\t\t<img decoding=\"async\" src=\"https:\/\/secure.gravatar.com\/avatar\/071790c11a77733f234d8daf7ae500d09a3037c7382e46e5dc7cc304b680c924?s=300&amp;d=mm&amp;r=g\" alt=\"Avatar von Friederike von dem Bussche\" \/>\t\t\t<\/a>\n\t\t<\/div>\n\t\n\t\n\t<\/div>\n\n<\/li><li class=\"wordcamp-post-list__post wordcamp-clearfix\">\n<div class=\"wordcamp-speaker wordcamp-speakers__post slug-heidemarie-a-exner\">\n\t<h3 class=\"wordcamp-block__item-title wordcamp-speakers__title\" style=\"text-align:left\"><a href=\"https:\/\/dusseldorf.wordcamp.org\/2019\/speaker\/heidemarie-a-exner\/\">Heidemarie A. Exner<\/a><\/h3>\n\t\t\t<div class=\"wordcamp-image__avatar-container align-none\">\n\t\t\t<a href=\"https:\/\/dusseldorf.wordcamp.org\/2019\/speaker\/heidemarie-a-exner\/\" class=\"wordcamp-image__avatar-link\">\n\t\t\t\t<img decoding=\"async\" src=\"https:\/\/secure.gravatar.com\/avatar\/c54f8c79e7e5b61a1c6c7c2f37e2d93d3211b8a8153bb1972f532f70cae1f247?s=300&amp;d=mm&amp;r=g\" alt=\"Avatar von Heidemarie A. Exner\" \/>\t\t\t<\/a>\n\t\t<\/div>\n\t\n\t\n\t<\/div>\n\n<\/li><li class=\"wordcamp-post-list__post wordcamp-clearfix\">\n<div class=\"wordcamp-speaker wordcamp-speakers__post slug-jan-peter-lambeck\">\n\t<h3 class=\"wordcamp-block__item-title wordcamp-speakers__title\" style=\"text-align:left\"><a href=\"https:\/\/dusseldorf.wordcamp.org\/2019\/speaker\/jan-peter-lambeck\/\">Jan-Peter Lambeck<\/a><\/h3>\n\t\t\t<div class=\"wordcamp-image__avatar-container align-none\">\n\t\t\t<a href=\"https:\/\/dusseldorf.wordcamp.org\/2019\/speaker\/jan-peter-lambeck\/\" class=\"wordcamp-image__avatar-link\">\n\t\t\t\t<img decoding=\"async\" src=\"https:\/\/secure.gravatar.com\/avatar\/ddeefb447cf75a568c72313c27ed0fbf5c55649b5bf1b27ae9ec22a9564a5358?s=300&amp;d=mm&amp;r=g\" alt=\"Avatar von Jan-Peter Lambeck\" \/>\t\t\t<\/a>\n\t\t<\/div>\n\t\n\t\n\t<\/div>\n\n<\/li><li class=\"wordcamp-post-list__post wordcamp-clearfix\">\n<div class=\"wordcamp-speaker wordcamp-speakers__post slug-jessica-lyschik\">\n\t<h3 class=\"wordcamp-block__item-title wordcamp-speakers__title\" style=\"text-align:left\"><a href=\"https:\/\/dusseldorf.wordcamp.org\/2019\/speaker\/jessica-lyschik\/\">Jessica Lyschik<\/a><\/h3>\n\t\t\t<div class=\"wordcamp-image__avatar-container align-none\">\n\t\t\t<a href=\"https:\/\/dusseldorf.wordcamp.org\/2019\/speaker\/jessica-lyschik\/\" class=\"wordcamp-image__avatar-link\">\n\t\t\t\t<img decoding=\"async\" src=\"https:\/\/secure.gravatar.com\/avatar\/eb66d1655187ce7b2e3e22ee93a30d4f9657a505aa4a247c11c67b282164f60a?s=300&amp;d=mm&amp;r=g\" alt=\"Avatar von Jessica Lyschik\" \/>\t\t\t<\/a>\n\t\t<\/div>\n\t\n\t\n\t<\/div>\n\n<\/li><li class=\"wordcamp-post-list__post wordcamp-clearfix\">\n<div class=\"wordcamp-speaker wordcamp-speakers__post slug-kerstin-mueller\">\n\t<h3 class=\"wordcamp-block__item-title wordcamp-speakers__title\" style=\"text-align:left\"><a href=\"https:\/\/dusseldorf.wordcamp.org\/2019\/speaker\/kerstin-mueller\/\">Kerstin M\u00fcller<\/a><\/h3>\n\t\t\t<div class=\"wordcamp-image__avatar-container align-none\">\n\t\t\t<a href=\"https:\/\/dusseldorf.wordcamp.org\/2019\/speaker\/kerstin-mueller\/\" class=\"wordcamp-image__avatar-link\">\n\t\t\t\t<img decoding=\"async\" src=\"https:\/\/secure.gravatar.com\/avatar\/ae1564e144cfb6a36aa596267706709537a99f230d7817900fb29c919cb3915a?s=300&amp;d=mm&amp;r=g\" alt=\"Avatar von Kerstin M\u00fcller\" \/>\t\t\t<\/a>\n\t\t<\/div>\n\t\n\t\n\t<\/div>\n\n<\/li><li class=\"wordcamp-post-list__post wordcamp-clearfix\">\n<div class=\"wordcamp-speaker wordcamp-speakers__post slug-manja-neumann\">\n\t<h3 class=\"wordcamp-block__item-title wordcamp-speakers__title\" style=\"text-align:left\"><a href=\"https:\/\/dusseldorf.wordcamp.org\/2019\/speaker\/manja-neumann\/\">Manja Neumann<\/a><\/h3>\n\t\t\t<div class=\"wordcamp-image__avatar-container align-none\">\n\t\t\t<a href=\"https:\/\/dusseldorf.wordcamp.org\/2019\/speaker\/manja-neumann\/\" class=\"wordcamp-image__avatar-link\">\n\t\t\t\t<img decoding=\"async\" src=\"https:\/\/secure.gravatar.com\/avatar\/823d95a3ad38ca50ecd87908c22e730d265ecf53fd36b6df57392880a1635da0?s=300&amp;d=mm&amp;r=g\" alt=\"Avatar von Manja Neumann\" \/>\t\t\t<\/a>\n\t\t<\/div>\n\t\n\t\n\t<\/div>\n\n<\/li><li class=\"wordcamp-post-list__post wordcamp-clearfix\">\n<div class=\"wordcamp-speaker wordcamp-speakers__post slug-marius-schulte\">\n\t<h3 class=\"wordcamp-block__item-title wordcamp-speakers__title\" style=\"text-align:left\"><a href=\"https:\/\/dusseldorf.wordcamp.org\/2019\/speaker\/marius-schulte\/\">Marius Schulte<\/a><\/h3>\n\t\t\t<div class=\"wordcamp-image__avatar-container align-none\">\n\t\t\t<a href=\"https:\/\/dusseldorf.wordcamp.org\/2019\/speaker\/marius-schulte\/\" class=\"wordcamp-image__avatar-link\">\n\t\t\t\t<img decoding=\"async\" src=\"https:\/\/secure.gravatar.com\/avatar\/2692b4b3826b9cb31a034fa218e1d40c0eb1f3ddef89f89184b69ff1f44f7f9e?s=300&amp;d=mm&amp;r=g\" alt=\"Avatar von Marius Schulte\" \/>\t\t\t<\/a>\n\t\t<\/div>\n\t\n\t\n\t<\/div>\n\n<\/li><li class=\"wordcamp-post-list__post wordcamp-clearfix\">\n<div class=\"wordcamp-speaker wordcamp-speakers__post slug-__trashed-22\">\n\t<h3 class=\"wordcamp-block__item-title wordcamp-speakers__title\" style=\"text-align:left\"><a href=\"https:\/\/dusseldorf.wordcamp.org\/2019\/speaker\/__trashed-22\/\">Mathias Wegener<\/a><\/h3>\n\t\t\t<div class=\"wordcamp-image__avatar-container align-none\">\n\t\t\t<a href=\"https:\/\/dusseldorf.wordcamp.org\/2019\/speaker\/__trashed-22\/\" class=\"wordcamp-image__avatar-link\">\n\t\t\t\t<img decoding=\"async\" src=\"https:\/\/secure.gravatar.com\/avatar\/fcc1425ab35f519465ecbb1c9272955df50ba91013978573e1009306c2acce85?s=300&amp;d=mm&amp;r=g\" alt=\"Avatar von Mathias Wegener\" \/>\t\t\t<\/a>\n\t\t<\/div>\n\t\n\t\n\t<\/div>\n\n<\/li><li class=\"wordcamp-post-list__post wordcamp-clearfix\">\n<div class=\"wordcamp-speaker wordcamp-speakers__post slug-matthias-held\">\n\t<h3 class=\"wordcamp-block__item-title wordcamp-speakers__title\" style=\"text-align:left\"><a href=\"https:\/\/dusseldorf.wordcamp.org\/2019\/speaker\/matthias-held\/\">Matthias Held<\/a><\/h3>\n\t\t\t<div class=\"wordcamp-image__avatar-container align-none\">\n\t\t\t<a href=\"https:\/\/dusseldorf.wordcamp.org\/2019\/speaker\/matthias-held\/\" class=\"wordcamp-image__avatar-link\">\n\t\t\t\t<img decoding=\"async\" src=\"https:\/\/secure.gravatar.com\/avatar\/b1b9dc98b4d61e76c49ea071dbadb524a66efb16408b3258f3cf6cffdce91cc9?s=300&amp;d=mm&amp;r=g\" alt=\"Avatar von Matthias Held\" \/>\t\t\t<\/a>\n\t\t<\/div>\n\t\n\t\n\t<\/div>\n\n<\/li><li class=\"wordcamp-post-list__post wordcamp-clearfix\">\n<div class=\"wordcamp-speaker wordcamp-speakers__post slug-renate-hermanns\">\n\t<h3 class=\"wordcamp-block__item-title wordcamp-speakers__title\" style=\"text-align:left\"><a href=\"https:\/\/dusseldorf.wordcamp.org\/2019\/speaker\/renate-hermanns\/\">Renate Hermanns<\/a><\/h3>\n\t\t\t<div class=\"wordcamp-image__avatar-container align-none\">\n\t\t\t<a href=\"https:\/\/dusseldorf.wordcamp.org\/2019\/speaker\/renate-hermanns\/\" class=\"wordcamp-image__avatar-link\">\n\t\t\t\t<img decoding=\"async\" src=\"https:\/\/secure.gravatar.com\/avatar\/26ae39280940706ae1b0235672c2f379dd76f684be400c3cf68525f7741bf51e?s=300&amp;d=mm&amp;r=g\" alt=\"Avatar von Renate Hermanns\" \/>\t\t\t<\/a>\n\t\t<\/div>\n\t\n\t\n\t<\/div>\n\n<\/li><li class=\"wordcamp-post-list__post wordcamp-clearfix\">\n<div class=\"wordcamp-speaker wordcamp-speakers__post slug-siggi-becker\">\n\t<h3 class=\"wordcamp-block__item-title wordcamp-speakers__title\" style=\"text-align:left\"><a href=\"https:\/\/dusseldorf.wordcamp.org\/2019\/speaker\/siggi-becker\/\">Siggi Becker<\/a><\/h3>\n\t\t\t<div class=\"wordcamp-image__avatar-container align-none\">\n\t\t\t<a href=\"https:\/\/dusseldorf.wordcamp.org\/2019\/speaker\/siggi-becker\/\" class=\"wordcamp-image__avatar-link\">\n\t\t\t\t<img decoding=\"async\" src=\"https:\/\/secure.gravatar.com\/avatar\/6792b8b0999a98c0a06ffb7136f0d57249bb506b014577ab1a0968b1ee0922bc?s=300&amp;d=mm&amp;r=g\" alt=\"Avatar von Siggi Becker\" \/>\t\t\t<\/a>\n\t\t<\/div>\n\t\n\t\n\t<\/div>\n\n<\/li><li class=\"wordcamp-post-list__post wordcamp-clearfix\">\n<div class=\"wordcamp-speaker wordcamp-speakers__post slug-simone-sarodnick\">\n\t<h3 class=\"wordcamp-block__item-title wordcamp-speakers__title\" style=\"text-align:left\"><a href=\"https:\/\/dusseldorf.wordcamp.org\/2019\/speaker\/simone-sarodnick\/\">Simone Sarodnick<\/a><\/h3>\n\t\t\t<div class=\"wordcamp-image__avatar-container align-none\">\n\t\t\t<a href=\"https:\/\/dusseldorf.wordcamp.org\/2019\/speaker\/simone-sarodnick\/\" class=\"wordcamp-image__avatar-link\">\n\t\t\t\t<img decoding=\"async\" src=\"https:\/\/secure.gravatar.com\/avatar\/2e91d8116d1de8234b0dca58c0874e2a6a941a9e6f5c71cc269efcd24e5aef8b?s=300&amp;d=mm&amp;r=g\" alt=\"Avatar von Simone Sarodnick\" \/>\t\t\t<\/a>\n\t\t<\/div>\n\t\n\t\n\t<\/div>\n\n<\/li><\/ul>\n\n\n<h2 class=\"wp-block-heading\">Backup Speaker*innen<\/h2>\n\n\n\t\t<div id=\"tix-attendees\">\n\t\t\t<ul class=\"tix-attendee-list tix-columns-3\">\n\t\t\t\t<li><img alt='' src='https:\/\/secure.gravatar.com\/avatar\/ed4bec46dd1607b9fcf368c5cd0c97efcac300b27e788a8cd333ec1dc9b4bdf0?s=96&#038;d=mm&#038;r=g' srcset='https:\/\/secure.gravatar.com\/avatar\/ed4bec46dd1607b9fcf368c5cd0c97efcac300b27e788a8cd333ec1dc9b4bdf0?s=192&#038;d=mm&#038;r=g 2x' class='avatar avatar-96 photo' height='96' width='96' \/>\n\t\t\t\t\t\t<div class=\"tix-field tix-attendee-name\">\n\t\t\t\t\t\t\t<span class=\"tix-first\">Olaf<\/span> <span class=\"tix-last\">Lederer<\/span>\t\t\t\t\t\t<\/div>\n\n\t\t\t\t\t\t\n\t\t\t\t\t\t<a class=\"tix-field tix-attendee-twitter\" href=\"http:\/\/twitter.com\/finalwebsites\">@finalwebsites<\/a><a class=\"tix-field tix-attendee-url tix-website-url\" href=\"https:\/\/www.finalwebsites.nl\">finalwebsites.nl<\/a><\/li><li><img alt='' src='https:\/\/secure.gravatar.com\/avatar\/749c3d26dcae7cc7747f046a7827d95895b1122d43efc3b9e550079b99adac65?s=96&#038;d=mm&#038;r=g' srcset='https:\/\/secure.gravatar.com\/avatar\/749c3d26dcae7cc7747f046a7827d95895b1122d43efc3b9e550079b99adac65?s=192&#038;d=mm&#038;r=g 2x' class='avatar avatar-96 photo' height='96' width='96' \/>\n\t\t\t\t\t\t<div class=\"tix-field tix-attendee-name\">\n\t\t\t\t\t\t\t<span class=\"tix-first\">Sven<\/span> <span class=\"tix-last\">Lehnert<\/span>\t\t\t\t\t\t<\/div>\n\n\t\t\t\t\t\t\n\t\t\t\t\t\t<a class=\"tix-field tix-attendee-twitter\" href=\"http:\/\/twitter.com\/svenl77\">@svenl77<\/a><a class=\"tix-field tix-attendee-url tix-website-url\" href=\"http:\/\/themekraft.com\">themekraft.com<\/a><\/li><li><img alt='' src='https:\/\/secure.gravatar.com\/avatar\/557ff9519cb648e09929cff16fd6ab735943f9372b01f0dc7caa4b744444be49?s=96&#038;d=mm&#038;r=g' srcset='https:\/\/secure.gravatar.com\/avatar\/557ff9519cb648e09929cff16fd6ab735943f9372b01f0dc7caa4b744444be49?s=192&#038;d=mm&#038;r=g 2x' class='avatar avatar-96 photo' height='96' width='96' \/>\n\t\t\t\t\t\t<div class=\"tix-field tix-attendee-name\">\n\t\t\t\t\t\t\t<span class=\"tix-first\">Udo<\/span> <span class=\"tix-last\">Meisen<\/span>\t\t\t\t\t\t<\/div>\n\n\t\t\t\t\t\t\n\t\t\t\t\t\t<a class=\"tix-field tix-attendee-twitter\" href=\"http:\/\/twitter.com\/praetorim\">@praetorim<\/a><a class=\"tix-field tix-attendee-url tix-website-url\" href=\"https:\/\/www.praetor.im\">praetor.im<\/a><\/li><li><img alt='' src='https:\/\/secure.gravatar.com\/avatar\/33bd4187f5e0db977074f23a82f76eecdf5a7f6ff1aea0df79ee7b0c3d282a72?s=96&#038;d=mm&#038;r=g' srcset='https:\/\/secure.gravatar.com\/avatar\/33bd4187f5e0db977074f23a82f76eecdf5a7f6ff1aea0df79ee7b0c3d282a72?s=192&#038;d=mm&#038;r=g 2x' class='avatar avatar-96 photo' height='96' width='96' \/>\n\t\t\t\t\t\t<div class=\"tix-field tix-attendee-name\">\n\t\t\t\t\t\t\t<span class=\"tix-first\">Vineet<\/span> <span class=\"tix-last\">Talwar<\/span>\t\t\t\t\t\t<\/div>\n\n\t\t\t\t\t\t\n\t\t\t\t\t\t<a class=\"tix-field tix-attendee-twitter\" href=\"http:\/\/twitter.com\/vineetsktalwar\">@vineetsktalwar<\/a><a class=\"tix-field tix-attendee-url tix-website-url\" href=\"https:\/\/firemud.com\">firemud.com<\/a><\/li>\t\t\t<\/ul>\n\t\t<\/div>\n\t\t<br class=\"tix-clear\"\/>\n\t\t\n","protected":false},"excerpt":{"rendered":"<p>Wir sind froh und stolz auf die Auswahl toller Speaker*innen f\u00fcr unser erstes WordCamp D\u00fcsseldorf. Zu jeder\/m findest du hier ein Protrait mit Details auf der Unterseite. Au\u00dferdem m\u00f6chten wir uns bei den Backup-Speaker*innen bedanken. Das dazugeh\u00f6rige Programm\/Schedule findest du hier. Backup Speaker*innen<\/p>\n","protected":false},"author":3595006,"featured_media":0,"parent":0,"menu_order":0,"comment_status":"closed","ping_status":"closed","template":"","meta":{"jetpack_post_was_ever_published":false,"footnotes":""},"class_list":["post-8","page","type-page","status-publish","hentry"],"jetpack_sharing_enabled":true,"jetpack_shortlink":"https:\/\/wp.me\/PaQGws-8","_links":{"self":[{"href":"https:\/\/dusseldorf.wordcamp.org\/2019\/wp-json\/wp\/v2\/pages\/8","targetHints":{"allow":["GET"]}}],"collection":[{"href":"https:\/\/dusseldorf.wordcamp.org\/2019\/wp-json\/wp\/v2\/pages"}],"about":[{"href":"https:\/\/dusseldorf.wordcamp.org\/2019\/wp-json\/wp\/v2\/types\/page"}],"author":[{"embeddable":true,"href":"https:\/\/dusseldorf.wordcamp.org\/2019\/wp-json\/wp\/v2\/users\/3595006"}],"replies":[{"embeddable":true,"href":"https:\/\/dusseldorf.wordcamp.org\/2019\/wp-json\/wp\/v2\/comments?post=8"}],"version-history":[{"count":14,"href":"https:\/\/dusseldorf.wordcamp.org\/2019\/wp-json\/wp\/v2\/pages\/8\/revisions"}],"predecessor-version":[{"id":2615,"href":"https:\/\/dusseldorf.wordcamp.org\/2019\/wp-json\/wp\/v2\/pages\/8\/revisions\/2615"}],"wp:attachment":[{"href":"https:\/\/dusseldorf.wordcamp.org\/2019\/wp-json\/wp\/v2\/media?parent=8"}],"curies":[{"name":"wp","href":"https:\/\/api.w.org\/{rel}","templated":true}]}}